{"id":12799,"date":"2021-09-17T12:26:01","date_gmt":"2021-09-17T10:26:01","guid":{"rendered":"http:\/\/volcanx.cluster031.hosting.ovh.net\/?page_id=12799"},"modified":"2021-09-17T16:00:23","modified_gmt":"2021-09-17T14:00:23","slug":"apres-des-evenements-eruptifs","status":"publish","type":"page","link":"https:\/\/volcanofoundation.org\/fr\/renforcer-la-connaissance-des-risques\/preparation\/apres-des-evenements-eruptifs\/","title":{"rendered":"APR\u00c8S DES \u00c9V\u00c9NEMENTS \u00c9RUPTIFS"},"content":{"rendered":"<div id=\"av_section_1\" class=\"avia-section av-85tvrm-3e95231a7b3e6eb192907f404f41a286 main_color avia-section-default avia-no-border-styling  avia-builder-el-0  el_before_av_section  avia-builder-el-first  avia-full-stretch av-parallax-section avia-bg-style-parallax av-minimum-height av-minimum-height-25 av-height-25  container_wrap fullsize\" data-section-bg-repeat=\"stretch\" data-av_minimum_height_pc=\"25\" data-av_min_height_opt=\"25\"><div class=\"av-parallax\" data-avia-parallax-ratio=\"0.3\"><div class=\"av-parallax-inner main_color avia-full-stretch\"><\/div><\/div><div class=\"container av-section-cont-open\"><main role=\"main\" itemprop=\"mainContentOfPage\" class=\"template-page content  av-content-full alpha units\"><div class=\"post-entry post-entry-type-page post-entry-12799\"><div class=\"entry-content-wrapper clearfix\">\n\n<style type=\"text\/css\" data-created_by=\"avia_inline_auto\" id=\"style-css-av-377mki-891bdcf97286948f143384db57d78c91\">\n.flex_column.av-377mki-891bdcf97286948f143384db57d78c91{\nborder-radius:0px 0px 0px 0px;\npadding:0px 0px 0px 0px;\n}\n<\/style>\n<div class=\"flex_column av-377mki-891bdcf97286948f143384db57d78c91 av_one_fifth  avia-builder-el-1  el_before_av_three_fifth  avia-builder-el-first  first flex_column_div av-zero-column-padding  \"><\/div>\n<style type=\"text\/css\" data-created_by=\"avia_inline_auto\" id=\"style-css-av-44v1oi-4270c45783cf4dfabc2e0046b5bfca7a\">\n.flex_column.av-44v1oi-4270c45783cf4dfabc2e0046b5bfca7a{\nborder-radius:0px 0px 0px 0px;\npadding:0px 0px 0px 0px;\n}\n<\/style>\n<div class=\"flex_column av-44v1oi-4270c45783cf4dfabc2e0046b5bfca7a av_three_fifth  avia-builder-el-2  el_after_av_one_fifth  el_before_av_one_fifth  flex_column_div av-zero-column-padding  \"><style type=\"text\/css\" data-created_by=\"avia_inline_auto\" id=\"style-css-av-2wneaq-c7141c0f93804d3dc6134a419c02967d\">\n#top .av_textblock_section.av-2wneaq-c7141c0f93804d3dc6134a419c02967d .avia_textblock{\ncolor:#ffffff;\n}\n<\/style>\n<section class=\"av_textblock_section av-2wneaq-c7141c0f93804d3dc6134a419c02967d \" itemscope=\"itemscope\" itemtype=\"https:\/\/schema.org\/CreativeWork\"><div class=\"avia_textblock av_inherit_color\" itemprop=\"text\"><div class=\"h2-cinta-programas\">\n<h1 style=\"text-align: center; font-size: 2.5em;\">RENFORCER LA CONNAISSANCE DES RISQUES<\/h1>\n<\/div>\n<\/div><\/section><br>\n<section class=\"av_textblock_section av-2wneaq-34462baf835e0e88628f9f1fcf41a06e \" itemscope=\"itemscope\" itemtype=\"https:\/\/schema.org\/CreativeWork\"><div class=\"avia_textblock\" itemprop=\"text\"><p class=\"p-cinta-programas\" style=\"text-align: center; background: #f5312a !important;\">POURQUOI LA FONDATION EST N&Eacute;E ?<span class=\"flecha-donativo\" style=\"vertical-align: inherit;\"> &gt;<\/span><\/p>\n<\/div><\/section><\/div>\n<style type=\"text\/css\" data-created_by=\"avia_inline_auto\" id=\"style-css-av-377mki-fc3240a24cacc3f72868647236f26abd\">\n.flex_column.av-377mki-fc3240a24cacc3f72868647236f26abd{\nborder-radius:0px 0px 0px 0px;\npadding:0px 0px 0px 0px;\n}\n<\/style>\n<div class=\"flex_column av-377mki-fc3240a24cacc3f72868647236f26abd av_one_fifth  avia-builder-el-5  el_after_av_three_fifth  avia-builder-el-last  flex_column_div av-zero-column-padding  \"><\/div><\/div><\/div><\/main><!-- close content main element --><\/div><\/div>\n<style type=\"text\/css\" data-created_by=\"avia_inline_auto\" id=\"style-css-av-k3yaxsym-b831a12c8acddceb21a18cbb360fd41d\">\n.avia-section.av-k3yaxsym-b831a12c8acddceb21a18cbb360fd41d{\nbackground-color:#000000;\nbackground-image:unset;\n}\n.avia-section.av-k3yaxsym-b831a12c8acddceb21a18cbb360fd41d .av-section-color-overlay{\nopacity:0.9;\nbackground-color:#000000;\n}\n<\/style>\n<div id=\"av_section_2\" class=\"avia-section av-k3yaxsym-b831a12c8acddceb21a18cbb360fd41d main_color avia-section-default avia-no-border-styling  avia-builder-el-6  el_after_av_section  el_before_av_textblock  avia-bg-style-fixed av-section-color-overlay-active container_wrap fullsize\"><div class=\"av-section-color-overlay-wrap\"><div class=\"av-section-color-overlay\"><\/div><div class=\"container av-section-cont-open\"><div class=\"template-page content  av-content-full alpha units\"><div class=\"post-entry post-entry-type-page post-entry-12799\"><div class=\"entry-content-wrapper clearfix\">\n<div class=\"flex_column_table av-a5p0bb-0286912bb6bfb93801b9fa33860921b2 sc-av_one_full av-equal-height-column-flextable\">\n<style type=\"text\/css\" data-created_by=\"avia_inline_auto\" id=\"style-css-av-a5p0bb-0286912bb6bfb93801b9fa33860921b2\">\n.flex_column.av-a5p0bb-0286912bb6bfb93801b9fa33860921b2{\nborder-radius:0px 0px 0px 0px;\npadding:0px 0px 0px 0px;\n}\n<\/style>\n<div class=\"flex_column av-a5p0bb-0286912bb6bfb93801b9fa33860921b2 av_one_full  avia-builder-el-7  avia-builder-el-no-sibling  first flex_column_table_cell av-equal-height-column av-align-middle av-zero-column-padding  \"><style type=\"text\/css\" data-created_by=\"avia_inline_auto\" id=\"style-css-av-joihkone-69e81b3ac324ed7c1268b0d71e700013\">\n#top .av_textblock_section.av-joihkone-69e81b3ac324ed7c1268b0d71e700013 .avia_textblock{\nfont-size:18px;\ncolor:#ffffff;\n}\n\n@media only screen and (min-width: 768px) and (max-width: 989px){ \n#top .av_textblock_section.av-joihkone-69e81b3ac324ed7c1268b0d71e700013 .avia_textblock{\nfont-size:16px;\n}\n}\n\n@media only screen and (min-width: 480px) and (max-width: 767px){ \n#top .av_textblock_section.av-joihkone-69e81b3ac324ed7c1268b0d71e700013 .avia_textblock{\nfont-size:16px;\n}\n}\n\n@media only screen and (max-width: 479px){ \n#top .av_textblock_section.av-joihkone-69e81b3ac324ed7c1268b0d71e700013 .avia_textblock{\nfont-size:16px;\n}\n}\n<\/style>\n<section class=\"av_textblock_section av-joihkone-69e81b3ac324ed7c1268b0d71e700013 \" itemscope=\"itemscope\" itemtype=\"https:\/\/schema.org\/CreativeWork\"><div class=\"avia_textblock av_inherit_color\" itemprop=\"text\"><blockquote>\n<p>LES CATASTROPHES NE SONT PAS NATURELLES, elles sont construites par la soci&eacute;t&eacute;, en raison du manque de pr&eacute;paration, de pr&eacute;vention, de travail d&rsquo;att&eacute;nuation, d&rsquo;&eacute;ducation et de suivi. <a class=\"glossaryLink\"  aria-describedby=\"tt\"  data-cmtooltip=\"&lt;div class=glossaryItemTitle&gt;CE&lt;\/div&gt;&lt;div class=glossaryItemBody&gt;Abr&eacute;viation de &amp;quot;l&amp;#039;&egrave;re commune&amp;quot; ou &amp;quot;l&amp;#039;&egrave;re actuelle&amp;quot;. CE se r&eacute;f&egrave;re &agrave; l&amp;#039;ann&eacute;e &eacute;coul&eacute;e depuis le d&eacute;but de l&amp;#039;&egrave;re actuelle dans le calendrier julien ou gr&eacute;gorien, par exemple l&amp;#039;ann&eacute;e civile. L&amp;#039;&egrave;re pr&eacute;c&eacute;dente est appel&eacute;e &amp;quot;Avant l&amp;#039;&egrave;re actuelle&amp;quot; ou BCE.&lt;\/div&gt;\"  href=\"https:\/\/volcanofoundation.org\/fr\/glossary\/ce-fr\/\"  data-gt-translate-attributes='[{\"attribute\":\"data-cmtooltip\", \"format\":\"html\"}]'  tabindex='0' role='link'>Ce<\/a> sont des risques ou des dangers naturels qui ont un impact sur les soci&eacute;t&eacute;s vuln&eacute;rables. Les connaissances permettent de r&eacute;duire la vuln&eacute;rabilit&eacute; sociale et structurelle afin d&rsquo;avoir des soci&eacute;t&eacute;s plus r&eacute;silientes !<\/p>\n<\/blockquote>\n<\/div><\/section><\/div><\/div><!--close column table wrapper. Autoclose: 1 --><\/div><\/div><\/div><!-- close content main div --><\/div><\/div><\/div><div id=\"after_section_2\" class=\"main_color av_default_container_wrap container_wrap fullsize\"><div class=\"container av-section-cont-open\"><div class=\"template-page content  av-content-full alpha units\"><div class=\"post-entry post-entry-type-page post-entry-12799\"><div class=\"entry-content-wrapper clearfix\"><section class=\"av_textblock_section av-kqt9jd5e-cd33964ef4e3b772df7fef522b816d29 \" itemscope=\"itemscope\" itemtype=\"https:\/\/schema.org\/CreativeWork\"><div class=\"avia_textblock\" itemprop=\"text\"><h2>Les impacts des &eacute;v&eacute;nements volcaniques peuvent durer des mois ou des ann&eacute;es apr&egrave;s la fin de l&rsquo;&eacute;ruption.<\/h2>\n<\/div><\/section>\n\n<style type=\"text\/css\" data-created_by=\"avia_inline_auto\" id=\"style-css-av-kqt9ln1w-f6affe7cdeee6be02fc225bbc4bc5689\">\n#top .hr.av-kqt9ln1w-f6affe7cdeee6be02fc225bbc4bc5689{\nmargin-top:15px;\nmargin-bottom:15px;\n}\n.hr.av-kqt9ln1w-f6affe7cdeee6be02fc225bbc4bc5689 .hr-inner{\nwidth:100%;\nborder-color:#d8d8d8;\n}\n<\/style>\n<div class=\"hr av-kqt9ln1w-f6affe7cdeee6be02fc225bbc4bc5689 hr-custom  avia-builder-el-10  el_after_av_textblock  el_before_av_two_third  hr-center hr-icon-no\"><span class=\"hr-inner inner-border-av-border-thin\"><span class=\"hr-inner-style\"><\/span><\/span><\/div>\n\n<style type=\"text\/css\" data-created_by=\"avia_inline_auto\" id=\"style-css-av-1wlhzr6-8cc129343b9618e21784b665a1361b31\">\n.flex_column.av-1wlhzr6-8cc129343b9618e21784b665a1361b31{\nborder-radius:0px 0px 0px 0px;\npadding:0px 0px 0px 0px;\n}\n<\/style>\n<div class=\"flex_column av-1wlhzr6-8cc129343b9618e21784b665a1361b31 av_two_third  avia-builder-el-11  el_after_av_hr  el_before_av_one_third  first flex_column_div av-zero-column-padding  \"><p><section class=\"av_textblock_section av-kqt9tgn4-955ae44a3b12f5f76d41e08b4c147261 \" itemscope=\"itemscope\" itemtype=\"https:\/\/schema.org\/CreativeWork\"><div class=\"avia_textblock\" itemprop=\"text\"><p><strong>L&rsquo;activit&eacute; &eacute;ruptive peut augmenter et diminuer pendant des semaines, voire des ann&eacute;es, apr&egrave;s le d&eacute;but du cycle &eacute;ruptif.<\/strong><\/p>\n<p>Les mesures &agrave; prendre apr&egrave;s un &eacute;v&eacute;nement &eacute;ruptif d&eacute;pendent de la poursuite ou non de l&rsquo;&eacute;ruption, du niveau d&rsquo;impact et du type d&rsquo;&eacute;ruption. La chose la plus importante &agrave; faire est de regarder et d&rsquo;&eacute;couter les mises &agrave; jour des autorit&eacute;s locales ; elles d&eacute;termineront quand lever ou r&eacute;viser les ordres d&rsquo;&eacute;vacuation et organiser les secours.<\/p>\n<p><strong>Cendres volcaniques<\/strong><\/p>\n<p>Ne vous pr&eacute;cipitez pas dans l&rsquo;op&eacute;ration de nettoyage sans plan ; lisez les ressources sur les techniques appropri&eacute;es de retrait et d&rsquo;&eacute;limination des cendres.<br>\n&Eacute;vitez le nettoyage jusqu&rsquo;&agrave; <a class=\"glossaryLink\"  aria-describedby=\"tt\"  data-cmtooltip=\"&lt;div class=glossaryItemTitle&gt;CE&lt;\/div&gt;&lt;div class=glossaryItemBody&gt;Abr&eacute;viation de &amp;quot;l&amp;#039;&egrave;re commune&amp;quot; ou &amp;quot;l&amp;#039;&egrave;re actuelle&amp;quot;. CE se r&eacute;f&egrave;re &agrave; l&amp;#039;ann&eacute;e &eacute;coul&eacute;e depuis le d&eacute;but de l&amp;#039;&egrave;re actuelle dans le calendrier julien ou gr&eacute;gorien, par exemple l&amp;#039;ann&eacute;e civile. L&amp;#039;&egrave;re pr&eacute;c&eacute;dente est appel&eacute;e &amp;quot;Avant l&amp;#039;&egrave;re actuelle&amp;quot; ou BCE.&lt;\/div&gt;\"  href=\"https:\/\/volcanofoundation.org\/fr\/glossary\/ce-fr\/\"  data-gt-translate-attributes='[{\"attribute\":\"data-cmtooltip\", \"format\":\"html\"}]'  tabindex='0' role='link'>ce<\/a> que les cendres aient cess&eacute; de tomber, et utilisez une m&eacute;thode &laquo;&nbsp;du haut vers le bas, sous le vent&nbsp;&raquo; pour &eacute;viter la recontamination des zones nettoy&eacute;es.<br>\nLimitez la conduite au minimum pour &eacute;viter d&rsquo;endommager les v&eacute;hicules. Conduire sur des routes couvertes de cendres avec une visibilit&eacute; r&eacute;duite peut &ecirc;tre dangereux.<br>\nAyez &agrave; port&eacute;e de main les ressources n&eacute;cessaires au nettoyage, comme des masques anti-poussi&egrave;re, des m&eacute;dicaments suppl&eacute;mentaires, des b&acirc;ches en plastique et du ruban adh&eacute;sif r&eacute;sistant.<\/p>\n<p><strong>Coul&eacute;es de <a class=\"glossaryLink\"  aria-describedby=\"tt\"  data-cmtooltip=\"&lt;div class=glossaryItemTitle&gt;LAVE&lt;\/div&gt;&lt;div class=glossaryItemBody&gt;Terme g&eacute;n&eacute;ral d&eacute;signant le magma (roche en fusion) qui a fait &eacute;ruption &agrave; la surface de la Terre et qui conserve son int&eacute;grit&eacute; sous forme de masse fluide ou visqueuse, plut&ocirc;t que d&amp;#039;exploser en fragments.&lt;\/div&gt;\"  href=\"https:\/\/volcanofoundation.org\/fr\/glossary\/lave-fr\/\"  data-gt-translate-attributes='[{\"attribute\":\"data-cmtooltip\", \"format\":\"html\"}]'  tabindex='0' role='link'>lave<\/a><\/strong><\/p>\n<p>Les coul&eacute;es de <a class=\"glossaryLink\"  aria-describedby=\"tt\"  data-cmtooltip=\"&lt;div class=glossaryItemTitle&gt;LAVE&lt;\/div&gt;&lt;div class=glossaryItemBody&gt;Terme g&eacute;n&eacute;ral d&eacute;signant le magma (roche en fusion) qui a fait &eacute;ruption &agrave; la surface de la Terre et qui conserve son int&eacute;grit&eacute; sous forme de masse fluide ou visqueuse, plut&ocirc;t que d&amp;#039;exploser en fragments.&lt;\/div&gt;\"  href=\"https:\/\/volcanofoundation.org\/fr\/glossary\/lave-fr\/\"  data-gt-translate-attributes='[{\"attribute\":\"data-cmtooltip\", \"format\":\"html\"}]'  tabindex='0' role='link'>lave<\/a> se d&eacute;placent g&eacute;n&eacute;ralement assez lentement pour que les autorit&eacute;s locales &eacute;mettent des avis d&rsquo;&eacute;vacuation. Les routes peuvent &ecirc;tre bloqu&eacute;es par la <a class=\"glossaryLink\"  aria-describedby=\"tt\"  data-cmtooltip=\"&lt;div class=glossaryItemTitle&gt;LAVE&lt;\/div&gt;&lt;div class=glossaryItemBody&gt;Terme g&eacute;n&eacute;ral d&eacute;signant le magma (roche en fusion) qui a fait &eacute;ruption &agrave; la surface de la Terre et qui conserve son int&eacute;grit&eacute; sous forme de masse fluide ou visqueuse, plut&ocirc;t que d&amp;#039;exploser en fragments.&lt;\/div&gt;\"  href=\"https:\/\/volcanofoundation.org\/fr\/glossary\/lave-fr\/\"  data-gt-translate-attributes='[{\"attribute\":\"data-cmtooltip\", \"format\":\"html\"}]'  tabindex='0' role='link'>lave<\/a>, il est donc important de trouver des moyens alternatifs pour retourner dans une zone inond&eacute;e une fois que le feu vert a &eacute;t&eacute; donn&eacute;. Soyez attentif aux fermetures et aux instructions des autorit&eacute;s locales.<\/p>\n<p><strong>Lahars<\/strong><\/p>\n<p>Jusqu&rsquo;&agrave; <a class=\"glossaryLink\"  aria-describedby=\"tt\"  data-cmtooltip=\"&lt;div class=glossaryItemTitle&gt;CE&lt;\/div&gt;&lt;div class=glossaryItemBody&gt;Abr&eacute;viation de &amp;quot;l&amp;#039;&egrave;re commune&amp;quot; ou &amp;quot;l&amp;#039;&egrave;re actuelle&amp;quot;. CE se r&eacute;f&egrave;re &agrave; l&amp;#039;ann&eacute;e &eacute;coul&eacute;e depuis le d&eacute;but de l&amp;#039;&egrave;re actuelle dans le calendrier julien ou gr&eacute;gorien, par exemple l&amp;#039;ann&eacute;e civile. L&amp;#039;&egrave;re pr&eacute;c&eacute;dente est appel&eacute;e &amp;quot;Avant l&amp;#039;&egrave;re actuelle&amp;quot; ou BCE.&lt;\/div&gt;\"  href=\"https:\/\/volcanofoundation.org\/fr\/glossary\/ce-fr\/\"  data-gt-translate-attributes='[{\"attribute\":\"data-cmtooltip\", \"format\":\"html\"}]'  tabindex='0' role='link'>ce<\/a> qu&rsquo;un d&eacute;p&ocirc;t de <a class=\"glossaryLink\"  aria-describedby=\"tt\"  data-cmtooltip=\"&lt;div class=glossaryItemTitle&gt;LAHAR&lt;\/div&gt;&lt;div class=glossaryItemBody&gt;Le lahar est un mot indon&eacute;sien d&eacute;signant un m&eacute;lange de d&eacute;bris rocheux et d&amp;#039;eau qui s&amp;#039;&eacute;coule rapidement et qui prend naissance sur les pentes d&amp;#039;un volcan. Les lahars sont &eacute;galement appel&eacute;s coul&eacute;es de boue volcanique ou coul&eacute;es de d&eacute;bris.&lt;\/div&gt;\"  href=\"https:\/\/volcanofoundation.org\/fr\/glossary\/lahar-fr\/\"  data-gt-translate-attributes='[{\"attribute\":\"data-cmtooltip\", \"format\":\"html\"}]'  tabindex='0' role='link'>lahar<\/a> se solidifie, la boue &eacute;paisse ne peut pas supporter beaucoup de poids. N&rsquo;essayez pas de traverser un <a class=\"glossaryLink\"  aria-describedby=\"tt\"  data-cmtooltip=\"&lt;div class=glossaryItemTitle&gt;LAHAR&lt;\/div&gt;&lt;div class=glossaryItemBody&gt;Le lahar est un mot indon&eacute;sien d&eacute;signant un m&eacute;lange de d&eacute;bris rocheux et d&amp;#039;eau qui s&amp;#039;&eacute;coule rapidement et qui prend naissance sur les pentes d&amp;#039;un volcan. Les lahars sont &eacute;galement appel&eacute;s coul&eacute;es de boue volcanique ou coul&eacute;es de d&eacute;bris.&lt;\/div&gt;\"  href=\"https:\/\/volcanofoundation.org\/fr\/glossary\/lahar-fr\/\"  data-gt-translate-attributes='[{\"attribute\":\"data-cmtooltip\", \"format\":\"html\"}]'  tabindex='0' role='link'>lahar<\/a> dans un v&eacute;hicule et soyez prudent lorsque vous traversez le d&eacute;p&ocirc;t &agrave; pied. En se d&eacute;pla&ccedil;ant vers l&rsquo;aval, le <a class=\"glossaryLink\"  aria-describedby=\"tt\"  data-cmtooltip=\"&lt;div class=glossaryItemTitle&gt;LAHAR&lt;\/div&gt;&lt;div class=glossaryItemBody&gt;Le lahar est un mot indon&eacute;sien d&eacute;signant un m&eacute;lange de d&eacute;bris rocheux et d&amp;#039;eau qui s&amp;#039;&eacute;coule rapidement et qui prend naissance sur les pentes d&amp;#039;un volcan. Les lahars sont &eacute;galement appel&eacute;s coul&eacute;es de boue volcanique ou coul&eacute;es de d&eacute;bris.&lt;\/div&gt;\"  href=\"https:\/\/volcanofoundation.org\/fr\/glossary\/lahar-fr\/\"  data-gt-translate-attributes='[{\"attribute\":\"data-cmtooltip\", \"format\":\"html\"}]'  tabindex='0' role='link'>lahar<\/a> peut incorporer du m&eacute;tal tranchant et d&rsquo;autres mat&eacute;riaux dangereux. Utilisez des gants et des outils pour nettoyer les d&eacute;bris de <a class=\"glossaryLink\"  aria-describedby=\"tt\"  data-cmtooltip=\"&lt;div class=glossaryItemTitle&gt;LAHAR&lt;\/div&gt;&lt;div class=glossaryItemBody&gt;Le lahar est un mot indon&eacute;sien d&eacute;signant un m&eacute;lange de d&eacute;bris rocheux et d&amp;#039;eau qui s&amp;#039;&eacute;coule rapidement et qui prend naissance sur les pentes d&amp;#039;un volcan. Les lahars sont &eacute;galement appel&eacute;s coul&eacute;es de boue volcanique ou coul&eacute;es de d&eacute;bris.&lt;\/div&gt;\"  href=\"https:\/\/volcanofoundation.org\/fr\/glossary\/lahar-fr\/\"  data-gt-translate-attributes='[{\"attribute\":\"data-cmtooltip\", \"format\":\"html\"}]'  tabindex='0' role='link'>lahar<\/a>. Sachez que les s&eacute;diments du <a class=\"glossaryLink\"  aria-describedby=\"tt\"  data-cmtooltip=\"&lt;div class=glossaryItemTitle&gt;LAHAR&lt;\/div&gt;&lt;div class=glossaryItemBody&gt;Le lahar est un mot indon&eacute;sien d&eacute;signant un m&eacute;lange de d&eacute;bris rocheux et d&amp;#039;eau qui s&amp;#039;&eacute;coule rapidement et qui prend naissance sur les pentes d&amp;#039;un volcan. Les lahars sont &eacute;galement appel&eacute;s coul&eacute;es de boue volcanique ou coul&eacute;es de d&eacute;bris.&lt;\/div&gt;\"  href=\"https:\/\/volcanofoundation.org\/fr\/glossary\/lahar-fr\/\"  data-gt-translate-attributes='[{\"attribute\":\"data-cmtooltip\", \"format\":\"html\"}]'  tabindex='0' role='link'>lahar<\/a> seront remobilis&eacute;s par la pluie et le <a class=\"glossaryLink\" aria-describedby=\"tt\" data-cmtooltip=\"&lt;div class=glossaryItemTitle&gt;DRAINAGE&lt;\/div&gt;&lt;div class=glossaryItemBody&gt;La superficie del terreno est&aacute; drenada por un arroyo, r&iacute;o u otra masa de agua superficial.&lt;\/div&gt;\" href=\"https:\/\/volcanofoundation.org\/fr\/glossary\/drainage-fr\/\" data-gt-translate-attributes='[{\"attribute\":\"data-cmtooltip\", \"format\":\"html\"}]' tabindex=\"0\" role=\"link\">drainage<\/a> normal des rivi&egrave;res pendant des ann&eacute;es apr&egrave;s un &eacute;v&eacute;nement volcanique, <a class=\"glossaryLink\"  aria-describedby=\"tt\"  data-cmtooltip=\"&lt;div class=glossaryItemTitle&gt;CE&lt;\/div&gt;&lt;div class=glossaryItemBody&gt;Abr&eacute;viation de &amp;quot;l&amp;#039;&egrave;re commune&amp;quot; ou &amp;quot;l&amp;#039;&egrave;re actuelle&amp;quot;. CE se r&eacute;f&egrave;re &agrave; l&amp;#039;ann&eacute;e &eacute;coul&eacute;e depuis le d&eacute;but de l&amp;#039;&egrave;re actuelle dans le calendrier julien ou gr&eacute;gorien, par exemple l&amp;#039;ann&eacute;e civile. L&amp;#039;&egrave;re pr&eacute;c&eacute;dente est appel&eacute;e &amp;quot;Avant l&amp;#039;&egrave;re actuelle&amp;quot; ou BCE.&lt;\/div&gt;\"  href=\"https:\/\/volcanofoundation.org\/fr\/glossary\/ce-fr\/\"  data-gt-translate-attributes='[{\"attribute\":\"data-cmtooltip\", \"format\":\"html\"}]'  tabindex='0' role='link'>ce<\/a> qui peut entra&icirc;ner des inondations destructrices.<\/p>\n<div class=\"dnd-widget-wrapper context-float_left type-image\">\n<div class=\"dnd-atom-rendered\"><\/div>\n<\/div>\n<\/div><\/section><br>\n\n<style type=\"text\/css\" data-created_by=\"avia_inline_auto\" id=\"style-css-av-kqta1i5b-107d1a9c40127944f7fe3b907c4f1f41\">\n#top .hr.hr-invisible.av-kqta1i5b-107d1a9c40127944f7fe3b907c4f1f41{\nheight:30px;\n}\n<\/style>\n<\/p><div class=\"hr av-kqta1i5b-107d1a9c40127944f7fe3b907c4f1f41 hr-invisible  avia-builder-el-13  el_after_av_textblock  avia-builder-el-last \"><span class=\"hr-inner \"><span class=\"hr-inner-style\"><\/span><\/span><\/div><\/div>\n<style type=\"text\/css\" data-created_by=\"avia_inline_auto\" id=\"style-css-av-v07qt9-8e7b03ac247edf580b79a067e2dbcde2\">\n.flex_column.av-v07qt9-8e7b03ac247edf580b79a067e2dbcde2{\nborder-radius:0px 0px 0px 0px;\npadding:0px 0px 0px 0px;\n}\n<\/style>\n<div class=\"flex_column av-v07qt9-8e7b03ac247edf580b79a067e2dbcde2 av_one_third  avia-builder-el-14  el_after_av_two_third  avia-builder-el-last  flex_column_div av-zero-column-padding  \"><p>\n<style type=\"text\/css\" data-created_by=\"avia_inline_auto\" id=\"style-css-av-kraf170k-980a5ab4563fa497718b3cd14e568e30\">\n.avia-image-container.av-kraf170k-980a5ab4563fa497718b3cd14e568e30 img.avia_image{\nbox-shadow:none;\n}\n.avia-image-container.av-kraf170k-980a5ab4563fa497718b3cd14e568e30 .av-image-caption-overlay-center{\ncolor:#ffffff;\n}\n<\/style>\n<\/p><div class=\"avia-image-container av-kraf170k-980a5ab4563fa497718b3cd14e568e30 av-styling- avia-align-center  avia-builder-el-15  el_before_av_textblock  avia-builder-el-first \" itemprop=\"image\" itemscope=\"itemscope\" itemtype=\"https:\/\/schema.org\/ImageObject\"><div class=\"avia-image-container-inner\"><div class=\"avia-image-overlay-wrap\"><img decoding=\"async\" fetchpriority=\"high\" class=\"wp-image-12801 avia-img-lazy-loading-not-12801 avia_image \" src=\"https:\/\/volcanofoundation.org\/wp-content\/uploads\/2021\/07\/vhp_img708.jpeg\" alt=\"\" title=\"vhp_img708\" height=\"237\" width=\"340\" itemprop=\"thumbnailUrl\" srcset=\"https:\/\/volcanofoundation.org\/wp-content\/uploads\/2021\/07\/vhp_img708.jpeg 340w, https:\/\/volcanofoundation.org\/wp-content\/uploads\/2021\/07\/vhp_img708-300x209.jpeg 300w\" sizes=\"(max-width: 340px) 100vw, 340px\"\/><\/div><\/div><\/div><br>\n<section class=\"av_textblock_section av-kraf26ew-98ebeb9a1eb3af2170f0ea46cc87e20f \" itemscope=\"itemscope\" itemtype=\"https:\/\/schema.org\/CreativeWork\"><div class=\"avia_textblock\" itemprop=\"text\"><p style=\"text-align: right;\">Les mesures &agrave; prendre en cas de chute de cendres comprennent le nettoyage des v&eacute;hicules. Nettoyez les essuie-glaces avant de les utiliser pour &eacute;viter de rayer le pare-brise.<\/p>\n<\/div><\/section><br>\n\n<style type=\"text\/css\" data-created_by=\"avia_inline_auto\" id=\"style-css-av-kraf1oqf-69808cafb9e87c624601658d44bbbb58\">\n#top .hr.hr-invisible.av-kraf1oqf-69808cafb9e87c624601658d44bbbb58{\nheight:100px;\n}\n<\/style>\n<div class=\"hr av-kraf1oqf-69808cafb9e87c624601658d44bbbb58 hr-invisible  avia-builder-el-17  el_after_av_textblock  el_before_av_image \"><span class=\"hr-inner \"><span class=\"hr-inner-style\"><\/span><\/span><\/div><br>\n\n<style type=\"text\/css\" data-created_by=\"avia_inline_auto\" id=\"style-css-av-kraf4cl3-b68c2280b759a9ded6eeb0c7977f3916\">\n.avia-image-container.av-kraf4cl3-b68c2280b759a9ded6eeb0c7977f3916 img.avia_image{\nbox-shadow:none;\n}\n.avia-image-container.av-kraf4cl3-b68c2280b759a9ded6eeb0c7977f3916 .av-image-caption-overlay-center{\ncolor:#ffffff;\n}\n<\/style>\n<div class=\"avia-image-container av-kraf4cl3-b68c2280b759a9ded6eeb0c7977f3916 av-styling- avia-align-center  avia-builder-el-18  el_after_av_hr  el_before_av_textblock \" itemprop=\"image\" itemscope=\"itemscope\" itemtype=\"https:\/\/schema.org\/ImageObject\"><div class=\"avia-image-container-inner\"><div class=\"avia-image-overlay-wrap\"><img decoding=\"async\" fetchpriority=\"high\" class=\"wp-image-12804 avia-img-lazy-loading-not-12804 avia_image \" src=\"https:\/\/volcanofoundation.org\/wp-content\/uploads\/2021\/07\/vhp_img3035.jpeg\" alt=\"\" title=\"vhp_img3035\" height=\"227\" width=\"340\" itemprop=\"thumbnailUrl\" srcset=\"https:\/\/volcanofoundation.org\/wp-content\/uploads\/2021\/07\/vhp_img3035.jpeg 340w, https:\/\/volcanofoundation.org\/wp-content\/uploads\/2021\/07\/vhp_img3035-300x200.jpeg 300w\" sizes=\"(max-width: 340px) 100vw, 340px\"\/><\/div><\/div><\/div><br>\n<section class=\"av_textblock_section av-kraf4xw7-d815b969e433833ae862c4bce8f54463 \" itemscope=\"itemscope\" itemtype=\"https:\/\/schema.org\/CreativeWork\"><div class=\"avia_textblock\" itemprop=\"text\"><p style=\"text-align: right;\"><em>Aenters Harry K. Brown Park in Kalapana, K&#299;lauea Volcano, Hawai&lsquo;i<\/em><\/p>\n<\/div><\/section><\/div>\n<\/div><\/div><\/div><\/div><\/div>","protected":false},"excerpt":{"rendered":"<p>Comprendre les risques volcaniques peut sauver des vies, il n&rsquo;existe pas de risque naturel, nous pouvons minimiser l&rsquo;impact des risques en d&eacute;veloppant la connaissance et la pr&eacute;vention.<\/p>\n","protected":false},"author":8,"featured_media":11142,"parent":12764,"menu_order":0,"comment_status":"closed","ping_status":"closed","template":"","meta":{"footnotes":""},"class_list":["post-12799","page","type-page","status-publish","has-post-thumbnail","hentry"],"aioseo_notices":[],"_links":{"self":[{"href":"https:\/\/volcanofoundation.org\/fr\/wp-json\/wp\/v2\/pages\/12799","targetHints":{"allow":["GET"]}}],"collection":[{"href":"https:\/\/volcanofoundation.org\/fr\/wp-json\/wp\/v2\/pages"}],"about":[{"href":"https:\/\/volcanofoundation.org\/fr\/wp-json\/wp\/v2\/types\/page"}],"author":[{"embeddable":true,"href":"https:\/\/volcanofoundation.org\/fr\/wp-json\/wp\/v2\/users\/8"}],"replies":[{"embeddable":true,"href":"https:\/\/volcanofoundation.org\/fr\/wp-json\/wp\/v2\/comments?post=12799"}],"version-history":[{"count":0,"href":"https:\/\/volcanofoundation.org\/fr\/wp-json\/wp\/v2\/pages\/12799\/revisions"}],"up":[{"embeddable":true,"href":"https:\/\/volcanofoundation.org\/fr\/wp-json\/wp\/v2\/pages\/12764"}],"wp:featuredmedia":[{"embeddable":true,"href":"https:\/\/volcanofoundation.org\/fr\/wp-json\/wp\/v2\/media\/11142"}],"wp:attachment":[{"href":"https:\/\/volcanofoundation.org\/fr\/wp-json\/wp\/v2\/media?parent=12799"}],"curies":[{"name":"wp","href":"https:\/\/api.w.org\/{rel}","templated":true}]}}